{"id":5590,"date":"2024-05-08T23:55:06","date_gmt":"2024-05-08T21:55:06","guid":{"rendered":"http:\/\/ktdtravel.net\/?page_id=5590"},"modified":"2024-05-30T04:18:05","modified_gmt":"2024-05-30T02:18:05","slug":"arequipa","status":"publish","type":"page","link":"http:\/\/ktdtravel.net\/gb\/arequipa","title":{"rendered":"Arequipa"},"content":{"rendered":"\n<p>Uneventful flight from Cusco, in less than an hour we arrive in Areqipa. Three vulcanoes in vicinity of the million city in southern Peru, 2.335m above sea level.  Today it is the second largest and economically second strongest metropolis of Peru after Lima. Also it is the province capitol of the eponymous province of Arequipa.<\/p>\n\n\n\n<figure class=\"wp-block-image size-large\"><img loading=\"lazy\" decoding=\"async\" width=\"1024\" height=\"683\" src=\"http:\/\/ktdtravel.net\/wp-content\/uploads\/2024\/05\/Berg2-1024x683.jpg\" alt=\"\" class=\"wp-image-5625\" srcset=\"http:\/\/ktdtravel.net\/wp-content\/uploads\/2024\/05\/Berg2-1024x683.jpg 1024w, http:\/\/ktdtravel.net\/wp-content\/uploads\/2024\/05\/Berg2-300x200.jpg 300w, http:\/\/ktdtravel.net\/wp-content\/uploads\/2024\/05\/Berg2-768x512.jpg 768w, http:\/\/ktdtravel.net\/wp-content\/uploads\/2024\/05\/Berg2-1536x1024.jpg 1536w, http:\/\/ktdtravel.net\/wp-content\/uploads\/2024\/05\/Berg2-2048x1365.jpg 2048w, http:\/\/ktdtravel.net\/wp-content\/uploads\/2024\/05\/Berg2-1200x800.jpg 1200w\" sizes=\"auto, (max-width: 709px) 85vw, (max-width: 909px) 67vw, (max-width: 1362px) 62vw, 840px\" \/><\/figure>\n\n\n\n<p>View from the roof terrace of our hotel: Misti vulcano<\/p>\n\n\n\n<p>Conquistador Diego de Almagro captured the surrounding area of Arequipa in 1537. The Spanish Leutnant Garc\u00ed Manuel de Carbajal founded on 15 August 1540 die city \u201eVilla de Nuestra Se\u00f1ora de la Asunci\u00f3n del Valle Hermoso de Arequipa\u201c. On 22 September 1541, the monarch Carlos V ordered that it should be called the &#8220;City of Arequipa&#8221;.<\/p>\n\n\n\n<p>Local legend tells that subjects of the Inka king Mayta Capac asked him for permission to stay in the beautiful landscape with mild climate. His answer: &#8220;Ari qhipay&#8221; (Quechua: &#8220;Yes, stay&#8221;).<\/p>\n\n\n\n<figure class=\"wp-block-image size-large\"><img loading=\"lazy\" decoding=\"async\" width=\"1024\" height=\"683\" src=\"http:\/\/ktdtravel.net\/wp-content\/uploads\/2024\/05\/PdA-1024x683.jpg\" alt=\"\" class=\"wp-image-5627\" srcset=\"http:\/\/ktdtravel.net\/wp-content\/uploads\/2024\/05\/PdA-1024x683.jpg 1024w, http:\/\/ktdtravel.net\/wp-content\/uploads\/2024\/05\/PdA-300x200.jpg 300w, http:\/\/ktdtravel.net\/wp-content\/uploads\/2024\/05\/PdA-768x512.jpg 768w, http:\/\/ktdtravel.net\/wp-content\/uploads\/2024\/05\/PdA-1536x1024.jpg 1536w, http:\/\/ktdtravel.net\/wp-content\/uploads\/2024\/05\/PdA-2048x1365.jpg 2048w, http:\/\/ktdtravel.net\/wp-content\/uploads\/2024\/05\/PdA-1200x800.jpg 1200w\" sizes=\"auto, (max-width: 709px) 85vw, (max-width: 909px) 67vw, (max-width: 1362px) 62vw, 840px\" \/><\/figure>\n\n\n\n<p>Plaza de Armas<\/p>\n\n\n\n<p>Many cities of the Castilian Crown were established in the same manner: The main square of the town is surrounded by governmental buildings, churches, and other structures of cultural or political significance. Many cities of Latin America followed this standard fashion. The central square is often called Plaza de Armas (= Weapons Square) because it used to be a parade ground, from which arms would be supplied to the defenders in case of an attack upon the city.<\/p>\n\n\n\n<figure class=\"wp-block-image size-large\"><img loading=\"lazy\" decoding=\"async\" width=\"1024\" height=\"683\" src=\"http:\/\/ktdtravel.net\/wp-content\/uploads\/2024\/05\/Kathedrale3-1024x683.jpg\" alt=\"\" class=\"wp-image-5626\" srcset=\"http:\/\/ktdtravel.net\/wp-content\/uploads\/2024\/05\/Kathedrale3-1024x683.jpg 1024w, http:\/\/ktdtravel.net\/wp-content\/uploads\/2024\/05\/Kathedrale3-300x200.jpg 300w, http:\/\/ktdtravel.net\/wp-content\/uploads\/2024\/05\/Kathedrale3-768x512.jpg 768w, http:\/\/ktdtravel.net\/wp-content\/uploads\/2024\/05\/Kathedrale3-1536x1024.jpg 1536w, http:\/\/ktdtravel.net\/wp-content\/uploads\/2024\/05\/Kathedrale3-2048x1365.jpg 2048w, http:\/\/ktdtravel.net\/wp-content\/uploads\/2024\/05\/Kathedrale3-1200x800.jpg 1200w\" sizes=\"auto, (max-width: 709px) 85vw, (max-width: 909px) 67vw, (max-width: 1362px) 62vw, 840px\" \/><\/figure>\n\n\n\n<p>The cathedral of Arequipa at Plaza de Armas<\/p>\n\n\n\n<p>It is pleasantly warm at 24\u00b0C and sunshine to explore the city. Many street hawkers on the Plaza de Armas offer a cup of coffee, a liquor, a cup of ice cream or a chocolate bar, a lollipop in their sales mix.<\/p>\n\n\n\n<figure class=\"wp-block-image size-large\"><img loading=\"lazy\" decoding=\"async\" width=\"1024\" height=\"683\" src=\"http:\/\/ktdtravel.net\/wp-content\/uploads\/2024\/05\/Platz2-1024x683.jpg\" alt=\"\" class=\"wp-image-5629\" srcset=\"http:\/\/ktdtravel.net\/wp-content\/uploads\/2024\/05\/Platz2-1024x683.jpg 1024w, http:\/\/ktdtravel.net\/wp-content\/uploads\/2024\/05\/Platz2-300x200.jpg 300w, http:\/\/ktdtravel.net\/wp-content\/uploads\/2024\/05\/Platz2-768x512.jpg 768w, http:\/\/ktdtravel.net\/wp-content\/uploads\/2024\/05\/Platz2-1536x1024.jpg 1536w, http:\/\/ktdtravel.net\/wp-content\/uploads\/2024\/05\/Platz2-2048x1365.jpg 2048w, http:\/\/ktdtravel.net\/wp-content\/uploads\/2024\/05\/Platz2-1200x800.jpg 1200w\" sizes=\"auto, (max-width: 709px) 85vw, (max-width: 909px) 67vw, (max-width: 1362px) 62vw, 840px\" \/><\/figure>\n\n\n\n<p>Cloister and inner courtyard of the Jesuit church, not far away from Plaza de Armas<\/p>\n\n\n\n<p>Not a special phenomenon of Arequipa, but this occurrence is often seen in many cities of Peru. How do the vendors earn enough to cover their daily need? This question can simply not be answered by a tourist!<\/p>\n\n\n\n<figure class=\"wp-block-image size-large is-resized\"><img loading=\"lazy\" decoding=\"async\" width=\"1024\" height=\"683\" src=\"http:\/\/ktdtravel.net\/wp-content\/uploads\/2024\/05\/S-Angel-1024x683.jpg\" alt=\"\" class=\"wp-image-5624\" style=\"width:630px;height:auto\" srcset=\"http:\/\/ktdtravel.net\/wp-content\/uploads\/2024\/05\/S-Angel-1024x683.jpg 1024w, http:\/\/ktdtravel.net\/wp-content\/uploads\/2024\/05\/S-Angel-300x200.jpg 300w, http:\/\/ktdtravel.net\/wp-content\/uploads\/2024\/05\/S-Angel-768x512.jpg 768w, http:\/\/ktdtravel.net\/wp-content\/uploads\/2024\/05\/S-Angel-1536x1024.jpg 1536w, http:\/\/ktdtravel.net\/wp-content\/uploads\/2024\/05\/S-Angel-2048x1365.jpg 2048w, http:\/\/ktdtravel.net\/wp-content\/uploads\/2024\/05\/S-Angel-1200x800.jpg 1200w\" sizes=\"auto, (max-width: 709px) 85vw, (max-width: 909px) 67vw, (max-width: 1362px) 62vw, 840px\" \/><\/figure>\n\n\n\n<p>San Augustin church<\/p>\n\n\n\n<p>Few streets around Plaza de Armas are closed for car traffic. Otherwise the city is noisy, vivacious and lively, full of cars and buses. <\/p>\n\n\n\n<figure class=\"wp-block-image size-large\"><img loading=\"lazy\" decoding=\"async\" width=\"1024\" height=\"683\" src=\"http:\/\/ktdtravel.net\/wp-content\/uploads\/2024\/05\/Obst-1024x683.jpg\" alt=\"\" class=\"wp-image-5634\" srcset=\"http:\/\/ktdtravel.net\/wp-content\/uploads\/2024\/05\/Obst-1024x683.jpg 1024w, http:\/\/ktdtravel.net\/wp-content\/uploads\/2024\/05\/Obst-300x200.jpg 300w, http:\/\/ktdtravel.net\/wp-content\/uploads\/2024\/05\/Obst-768x512.jpg 768w, http:\/\/ktdtravel.net\/wp-content\/uploads\/2024\/05\/Obst-1536x1024.jpg 1536w, http:\/\/ktdtravel.net\/wp-content\/uploads\/2024\/05\/Obst-2048x1365.jpg 2048w, http:\/\/ktdtravel.net\/wp-content\/uploads\/2024\/05\/Obst-1200x800.jpg 1200w\" sizes=\"auto, (max-width: 709px) 85vw, (max-width: 909px) 67vw, (max-width: 1362px) 62vw, 840px\" \/><\/figure>\n\n\n\n<p>San Camillo Market<\/p>\n\n\n\n<p><strong>Santa Catalina<\/strong><\/p>\n\n\n\n<p>A citadel with high wall in the middle of a city: the convent of nuns of the Dominican Second Order of Santa Catalina de Siena. Both, Santa Catalina and the historic centre of Arequipa, are declared as an UNESCO World Heritage site. Founded in 1579 it offered security and protection for women who dedicated themselves to God and lived a life secluded from the secular world.<\/p>\n\n\n\n<figure class=\"wp-block-image size-large\"><img loading=\"lazy\" decoding=\"async\" width=\"1024\" height=\"683\" src=\"http:\/\/ktdtravel.net\/wp-content\/uploads\/2024\/05\/Ca1-1024x683.jpg\" alt=\"\" class=\"wp-image-5637\" srcset=\"http:\/\/ktdtravel.net\/wp-content\/uploads\/2024\/05\/Ca1-1024x683.jpg 1024w, http:\/\/ktdtravel.net\/wp-content\/uploads\/2024\/05\/Ca1-300x200.jpg 300w, http:\/\/ktdtravel.net\/wp-content\/uploads\/2024\/05\/Ca1-768x512.jpg 768w, http:\/\/ktdtravel.net\/wp-content\/uploads\/2024\/05\/Ca1-1536x1024.jpg 1536w, http:\/\/ktdtravel.net\/wp-content\/uploads\/2024\/05\/Ca1-2048x1365.jpg 2048w, http:\/\/ktdtravel.net\/wp-content\/uploads\/2024\/05\/Ca1-1200x800.jpg 1200w\" sizes=\"auto, (max-width: 709px) 85vw, (max-width: 909px) 67vw, (max-width: 1362px) 62vw, 840px\" \/><\/figure>\n\n\n\n<p>Santa Catalina<\/p>\n\n\n\n<p>Do\u00f1a Mar\u00eda de Guzm\u00e1n decided to seclude herself in the monastery under construction, giving up all her assets. The memory of the foundation of the monastery was made, signed by the city regiment and the bishopric of Cusco,  naming Mar\u00eda de Guzm\u00e1n as the &#8220;First settler and prioress of said Monastery&#8221;. Four plots of land of the town were assigned to the convent.<\/p>\n\n\n\n<figure class=\"wp-block-image size-large\"><img loading=\"lazy\" decoding=\"async\" width=\"1024\" height=\"683\" src=\"http:\/\/ktdtravel.net\/wp-content\/uploads\/2024\/05\/Ca2-1024x683.jpg\" alt=\"\" class=\"wp-image-5638\" srcset=\"http:\/\/ktdtravel.net\/wp-content\/uploads\/2024\/05\/Ca2-1024x683.jpg 1024w, http:\/\/ktdtravel.net\/wp-content\/uploads\/2024\/05\/Ca2-300x200.jpg 300w, http:\/\/ktdtravel.net\/wp-content\/uploads\/2024\/05\/Ca2-768x512.jpg 768w, http:\/\/ktdtravel.net\/wp-content\/uploads\/2024\/05\/Ca2-1536x1024.jpg 1536w, http:\/\/ktdtravel.net\/wp-content\/uploads\/2024\/05\/Ca2-2048x1365.jpg 2048w, http:\/\/ktdtravel.net\/wp-content\/uploads\/2024\/05\/Ca2-1200x800.jpg 1200w\" sizes=\"auto, (max-width: 709px) 85vw, (max-width: 909px) 67vw, (max-width: 1362px) 62vw, 840px\" \/><\/figure>\n\n\n\n<p>Cloister de los Naranjos (cloister of the orange trees)<\/p>\n\n\n\n<p>In order to be admitted the women had to stay in trial for a year and bring their own dowry for that period. Many of them left the convent never again. There is a mortuary and a cemetery within the citadel.<\/p>\n\n\n\n<figure class=\"wp-block-image size-large\"><img loading=\"lazy\" decoding=\"async\" width=\"1024\" height=\"683\" src=\"http:\/\/ktdtravel.net\/wp-content\/uploads\/2024\/05\/Ca3-1024x683.jpg\" alt=\"\" class=\"wp-image-5639\" srcset=\"http:\/\/ktdtravel.net\/wp-content\/uploads\/2024\/05\/Ca3-1024x683.jpg 1024w, http:\/\/ktdtravel.net\/wp-content\/uploads\/2024\/05\/Ca3-300x200.jpg 300w, http:\/\/ktdtravel.net\/wp-content\/uploads\/2024\/05\/Ca3-768x512.jpg 768w, http:\/\/ktdtravel.net\/wp-content\/uploads\/2024\/05\/Ca3-1536x1024.jpg 1536w, http:\/\/ktdtravel.net\/wp-content\/uploads\/2024\/05\/Ca3-2048x1365.jpg 2048w, http:\/\/ktdtravel.net\/wp-content\/uploads\/2024\/05\/Ca3-1200x800.jpg 1200w\" sizes=\"auto, (max-width: 709px) 85vw, (max-width: 909px) 67vw, (max-width: 1362px) 62vw, 840px\" \/><\/figure>\n\n\n\n<p>A dwelling unit<\/p>\n\n\n\n<p>The alleys in the monastery are named after the Spanish cities. Simple dwelling with a bed in the corner, a trunk for personal belongings, a chair and a crucifix on the wall.<\/p>\n\n\n\n<figure class=\"wp-block-image size-large\"><img loading=\"lazy\" decoding=\"async\" width=\"1024\" height=\"683\" src=\"http:\/\/ktdtravel.net\/wp-content\/uploads\/2024\/05\/Ca5-1024x683.jpg\" alt=\"\" class=\"wp-image-5640\" srcset=\"http:\/\/ktdtravel.net\/wp-content\/uploads\/2024\/05\/Ca5-1024x683.jpg 1024w, http:\/\/ktdtravel.net\/wp-content\/uploads\/2024\/05\/Ca5-300x200.jpg 300w, http:\/\/ktdtravel.net\/wp-content\/uploads\/2024\/05\/Ca5-768x512.jpg 768w, http:\/\/ktdtravel.net\/wp-content\/uploads\/2024\/05\/Ca5-1536x1024.jpg 1536w, http:\/\/ktdtravel.net\/wp-content\/uploads\/2024\/05\/Ca5-2048x1365.jpg 2048w, http:\/\/ktdtravel.net\/wp-content\/uploads\/2024\/05\/Ca5-1200x800.jpg 1200w\" sizes=\"auto, (max-width: 709px) 85vw, (max-width: 909px) 67vw, (max-width: 1362px) 62vw, 840px\" \/><\/figure>\n\n\n\n<p>White alley<\/p>\n\n\n\n<p>The women who entered the monastery as nuns were white and wealthy criollas (people of full Spanish descent) and mestizas (descent of mix European and indigenous non-European).<\/p>\n\n\n\n<figure class=\"wp-block-image size-large\"><img loading=\"lazy\" decoding=\"async\" width=\"1024\" height=\"683\" src=\"http:\/\/ktdtravel.net\/wp-content\/uploads\/2024\/05\/Ca6-1024x683.jpg\" alt=\"\" class=\"wp-image-5641\" srcset=\"http:\/\/ktdtravel.net\/wp-content\/uploads\/2024\/05\/Ca6-1024x683.jpg 1024w, http:\/\/ktdtravel.net\/wp-content\/uploads\/2024\/05\/Ca6-300x200.jpg 300w, http:\/\/ktdtravel.net\/wp-content\/uploads\/2024\/05\/Ca6-768x512.jpg 768w, http:\/\/ktdtravel.net\/wp-content\/uploads\/2024\/05\/Ca6-1536x1024.jpg 1536w, http:\/\/ktdtravel.net\/wp-content\/uploads\/2024\/05\/Ca6-2048x1365.jpg 2048w, http:\/\/ktdtravel.net\/wp-content\/uploads\/2024\/05\/Ca6-1200x800.jpg 1200w\" sizes=\"auto, (max-width: 709px) 85vw, (max-width: 909px) 67vw, (max-width: 1362px) 62vw, 840px\" \/><\/figure>\n\n\n\n<p>Laundry<\/p>\n\n\n\n<p>At times up to 150 nuns and 300 servant maids who did the housework inhabited the citadel. The nuns lived in religious enclosure.<\/p>\n\n\n\n<figure class=\"wp-block-image size-large\"><img loading=\"lazy\" decoding=\"async\" width=\"1024\" height=\"683\" src=\"http:\/\/ktdtravel.net\/wp-content\/uploads\/2024\/05\/Ca7-1024x683.jpg\" alt=\"\" class=\"wp-image-5642\" srcset=\"http:\/\/ktdtravel.net\/wp-content\/uploads\/2024\/05\/Ca7-1024x683.jpg 1024w, http:\/\/ktdtravel.net\/wp-content\/uploads\/2024\/05\/Ca7-300x200.jpg 300w, http:\/\/ktdtravel.net\/wp-content\/uploads\/2024\/05\/Ca7-768x512.jpg 768w, http:\/\/ktdtravel.net\/wp-content\/uploads\/2024\/05\/Ca7-1536x1024.jpg 1536w, http:\/\/ktdtravel.net\/wp-content\/uploads\/2024\/05\/Ca7-2048x1365.jpg 2048w, http:\/\/ktdtravel.net\/wp-content\/uploads\/2024\/05\/Ca7-1200x800.jpg 1200w\" sizes=\"auto, (max-width: 709px) 85vw, (max-width: 909px) 67vw, (max-width: 1362px) 62vw, 840px\" \/><\/figure>\n\n\n\n<p>Red alley<\/p>\n\n\n\n<p>Better dwellings have their own kitchen and sitting room. Some even have a clarinet.<\/p>\n\n\n\n<figure class=\"wp-block-image size-large\"><img loading=\"lazy\" decoding=\"async\" width=\"1024\" height=\"683\" src=\"http:\/\/ktdtravel.net\/wp-content\/uploads\/2024\/05\/Ca8-1024x683.jpg\" alt=\"\" class=\"wp-image-5643\" srcset=\"http:\/\/ktdtravel.net\/wp-content\/uploads\/2024\/05\/Ca8-1024x683.jpg 1024w, http:\/\/ktdtravel.net\/wp-content\/uploads\/2024\/05\/Ca8-300x200.jpg 300w, http:\/\/ktdtravel.net\/wp-content\/uploads\/2024\/05\/Ca8-768x512.jpg 768w, http:\/\/ktdtravel.net\/wp-content\/uploads\/2024\/05\/Ca8-1536x1024.jpg 1536w, http:\/\/ktdtravel.net\/wp-content\/uploads\/2024\/05\/Ca8-2048x1365.jpg 2048w, http:\/\/ktdtravel.net\/wp-content\/uploads\/2024\/05\/Ca8-1200x800.jpg 1200w\" sizes=\"auto, (max-width: 709px) 85vw, (max-width: 909px) 67vw, (max-width: 1362px) 62vw, 840px\" \/><\/figure>\n\n\n\n<p><\/p>\n\n\n\n<p>There is a central bath for the nuns.<\/p>\n\n\n\n<p>Since renovation work is taken in 1970 the convent is opened to the public. Around 20 nuns still live in the northern area of the complex.<\/p>\n\n\n\n<p><strong>Summary<\/strong><\/p>\n\n\n\n<p>It was an eventful holiday. We have learnt a lot from the culture and the nature. Peru is a developing country with potentials. The people is hospitable. We have improved our Spanish.<\/p>\n\n\n\n<p>Free of charge cash withdrawal is only possible at Multired-ATM of Banco da la naci\u00f3n, rather available in normal business and banking areas, not in tourist hotspots or at airports. Maxium of daily limit = 800 Soles = 200\u20ac.<\/p>\n\n\n\n<p>VISA \/ Mastercard are accepted for small payments in supermarkets and restaurants. For large amount USD is also wellcomed.<\/p>\n\n\n\n<p>Lunch menu is available for 12 Soles = 3\u20ac for normal working people. We got a chicha morada, a soup, three main courses to choose, for example arroz con pollo, rice with chicken, and a jelly pudding as dessert. No VISA acceptance and no toilette facility here, of course. Having a quick meal and return to work. Looking at us the chef made a joke: There will be a menu touristico in the future \ud83d\ude42<\/p>\n\n\n\n<p>Booking a taxi works well with Indrive-App, to be installed when you are there.<\/p>\n\n\n\n<p>New prepaid SIM card (= prepago) is available for 2 weeks and 4 GB internet for 10\u20ac. A passport is required. The Claro sale man will do the registration for you. Refill of the prepaid card (= postpago) for further 2 weeks can be done online for 2.50\u20ac.<\/p>\n\n\n\n<p>Laundry service can be found everywhere in town. Return next day costs 5 Soles (= 1,25\u20ac) per Kilo, return same day = 10 Soles (= 2,50\u20ac). Service by the hotel  will take the double amount.<\/p>\n\n\n\n<p>Thanks for the nice time, Peru!<\/p>\n\n\n\n<p class=\"has-text-align-right\"><a href=\"http:\/\/ktdtravel.net\/gb\/nationalpark-manu\">Previous page <\/a>\/ Next page<\/p>\n","protected":false},"excerpt":{"rendered":"<p>Uneventful flight from Cusco, in less than an hour we arrive in Areqipa. Three vulcanoes in vicinity of the million city in southern Peru, 2.335m above sea level. Today it is the second largest and economically second strongest metropolis of Peru after Lima. Also it is the province capitol of the eponymous province of Arequipa. &hellip; <a href=\"http:\/\/ktdtravel.net\/gb\/arequipa\" class=\"more-link\">Continue reading<span class=\"screen-reader-text\"> &#8220;Arequipa&#8221;<\/span><\/a><\/p>\n","protected":false},"author":1,"featured_media":0,"parent":0,"menu_order":0,"comment_status":"closed","ping_status":"closed","template":"","meta":{"footnotes":""},"class_list":["post-5590","page","type-page","status-publish","hentry"],"translation":{"provider":"WPGlobus","version":"3.0.2","language":"gb","enabled_languages":["de","gb"],"languages":{"de":{"title":true,"content":true,"excerpt":false},"gb":{"title":true,"content":true,"excerpt":false}}},"_links":{"self":[{"href":"http:\/\/ktdtravel.net\/gb\/wp-json\/wp\/v2\/pages\/5590","targetHints":{"allow":["GET"]}}],"collection":[{"href":"http:\/\/ktdtravel.net\/gb\/wp-json\/wp\/v2\/pages"}],"about":[{"href":"http:\/\/ktdtravel.net\/gb\/wp-json\/wp\/v2\/types\/page"}],"author":[{"embeddable":true,"href":"http:\/\/ktdtravel.net\/gb\/wp-json\/wp\/v2\/users\/1"}],"replies":[{"embeddable":true,"href":"http:\/\/ktdtravel.net\/gb\/wp-json\/wp\/v2\/comments?post=5590"}],"version-history":[{"count":79,"href":"http:\/\/ktdtravel.net\/gb\/wp-json\/wp\/v2\/pages\/5590\/revisions"}],"predecessor-version":[{"id":6091,"href":"http:\/\/ktdtravel.net\/gb\/wp-json\/wp\/v2\/pages\/5590\/revisions\/6091"}],"wp:attachment":[{"href":"http:\/\/ktdtravel.net\/gb\/wp-json\/wp\/v2\/media?parent=5590"}],"curies":[{"name":"wp","href":"https:\/\/api.w.org\/{rel}","templated":true}]}}