{"id":4044,"date":"2019-01-29T07:00:06","date_gmt":"2019-01-29T05:00:06","guid":{"rendered":"http:\/\/ktdtravel.net\/?page_id=4044"},"modified":"2019-09-04T13:21:19","modified_gmt":"2019-09-04T11:21:19","slug":"quito","status":"publish","type":"page","link":"http:\/\/ktdtravel.net\/gb\/2019-2\/ecuador\/quito","title":{"rendered":"Quito"},"content":{"rendered":"\n<p>For the first dinner after arrival we go to the next food court around the corner. It feels safe in the surroundings. Many above average bars and restaurants, some with live music, but we are just too tired for it. One can have a full meal for 6 USD in the food court. Thereafter a drive into Centro historico by Taxi.<\/p>\n\n\n\n<figure class=\"wp-block-image\"><img loading=\"lazy\" decoding=\"async\" width=\"1024\" height=\"683\" src=\"http:\/\/ktdtravel.net\/wp-content\/uploads\/2019\/01\/ECU_0017-1024x683.jpg\" alt=\"\" class=\"wp-image-4000\"\/><\/figure>\n\n\n\n<p>Plaza Grande at the presidential Palace<\/p>\n\n\n\n<p>The Taxis are always around, you just need to&nbsp;raise&nbsp;your thumb, recognisable in the yellow and green colour. Either you agree for the taxometer or a fix price in advance, depending on the distance, something between 3 and 5 USD.<\/p>\n\n\n\n<figure class=\"wp-block-image\"><img loading=\"lazy\" decoding=\"async\" width=\"1024\" height=\"683\" src=\"http:\/\/ktdtravel.net\/wp-content\/uploads\/2019\/01\/ECU_0014-1024x683.jpg\" alt=\"\" class=\"wp-image-3999\"\/><\/figure>\n\n\n\n<p>The&nbsp;Compa\u00f1\u00eda Jesuit church, La Iglesia de la Compa\u00f1\u00eda de Jes\u00fas<\/p>\n\n\n\n<p>The Andes highland was conquered by Spanish Conquistadores in 1534. Initially Diego de Almagro founded Santiago de Quito, lateron&nbsp;in the same year Sebasti\u00e1n de Belalc\u00e1zar moved the town to present location and renamed it as San Francisco de Quito in December 1534. The indigenous settlements around Quito were assigned&nbsp;to the new town. <\/p>\n\n\n\n<p>The Centro historico of present day has been one of the first 12 nominations to the list of UNESCO World Cultural&nbsp; and Natural Heritage, beside the Galapagos Islands in 1978.&nbsp;Other first nominations were e.g. Aachen Cathedral, Cracow&#8217;s Historic Centre&nbsp;or Yellowstone National Park.<\/p>\n\n\n\n<figure class=\"wp-block-image\"><img loading=\"lazy\" decoding=\"async\" width=\"1024\" height=\"683\" src=\"http:\/\/ktdtravel.net\/wp-content\/uploads\/2019\/01\/ECU_0015-1024x683.jpg\" alt=\"\" class=\"wp-image-4001\"\/><\/figure>\n\n\n\n<p>Calle Garcia Moreno by night. With view on the Virgin of&nbsp;Panecillo<\/p>\n\n\n\n<p>Sebasti\u00e1n de Belalc\u00e1zar&nbsp;also captured Rumi\u00f1awi, an Inca general, and ended the last organised resistance by the Incas. Conquistador Francisco Pizarro imprisoned the last Inca Emperor Atahualpa in 1532 and held him in the Ransom Room in Cajamarca, Peru today.<\/p>\n\n\n\n<p>Atahualpa,&nbsp;seeing that the Spaniards cherished gold above all, offered Pizarro to buy his liberty by filling the room where he was kept in prison with gold and the two following rooms with silver, up to the level of the reach of his arm. He asked for two months to do so.<\/p>\n\n\n\n<p>&nbsp;Rumi\u00f1awi marched towards Cajamarca to deliver&nbsp;the &nbsp;huge amount of gold.  After the Spaniards executed Atahualpa, Rumi\u00f1ahui returned to Quito and&nbsp;ordered to hide the gold and the &#8220;Treasure of the Llanganatis&#8221;&nbsp;away beforehand. During his captivity he was tortured but never disclosed the location of the treasure. He&nbsp;was executed in 1535.<\/p>\n\n\n\n<p>Today Rumi\u00f1awi is a national hero and his portrait commemorated on a former Sucre (Ecuadorian legal tender) banknote.<\/p>\n\n\n\n<p>Now we are really ready for bed, our first night in Ecuador.<\/p>\n\n\n\n<figure class=\"wp-block-image\"><img loading=\"lazy\" decoding=\"async\" width=\"1024\" height=\"683\" src=\"http:\/\/ktdtravel.net\/wp-content\/uploads\/2019\/01\/ECU_0025-1024x683.jpg\" alt=\"\" class=\"wp-image-4038\"\/><\/figure>\n\n\n\n<p>During the day the streets&nbsp;of Centro historico are full. The scenery of a funfair and family day.<\/p>\n\n\n\n<figure class=\"wp-block-image\"><img loading=\"lazy\" decoding=\"async\" width=\"1024\" height=\"683\" src=\"http:\/\/ktdtravel.net\/wp-content\/uploads\/2019\/01\/ECU_0024-1024x683.jpg\" alt=\"\" class=\"wp-image-4037\"\/><\/figure>\n\n\n\n<p>A mobile ornamental fish vendor. His fishes are already packed in plastic bags.<\/p>\n\n\n\n<p>The Spanish colonial architecture in the Centro historico is omnipresent and well kept. Many churches and&nbsp; palaces. One is better than the other.<\/p>\n\n\n\n<figure class=\"wp-block-image\"><img loading=\"lazy\" decoding=\"async\" width=\"1024\" height=\"683\" src=\"http:\/\/ktdtravel.net\/wp-content\/uploads\/2019\/01\/HZ-03927-1024x683.jpg\" alt=\"\" class=\"wp-image-4041\"\/><\/figure>\n\n\n\n<p>The old town lane at La Ronda. With many bars,&nbsp;restaurants and artisanal shops.<\/p>\n\n\n\n<figure class=\"wp-block-image\"><img loading=\"lazy\" decoding=\"async\" width=\"1024\" height=\"683\" src=\"http:\/\/ktdtravel.net\/wp-content\/uploads\/2019\/01\/ECU_0034-1024x683.jpg\" alt=\"\" class=\"wp-image-4039\"\/><\/figure>\n\n\n\n<p>The oasis of calm in the Franciscan monastery <\/p>\n\n\n\n<figure class=\"wp-block-image\"><img loading=\"lazy\" decoding=\"async\" width=\"1024\" height=\"683\" src=\"http:\/\/ktdtravel.net\/wp-content\/uploads\/2019\/01\/ECU_0076-1024x683.jpg\" alt=\"\" class=\"wp-image-4043\"\/><\/figure>\n\n\n\n<p>A 2 km walk mostly over stairs up to the hill of Virgin of Panicello. Quite tiring. Especially in the knowledge that you may drive by taxi easily up&nbsp;to the top.<\/p>\n\n\n\n<figure class=\"wp-block-image\"><img loading=\"lazy\" decoding=\"async\" width=\"1024\" height=\"683\" src=\"http:\/\/ktdtravel.net\/wp-content\/uploads\/2019\/01\/ECU_0051-1024x683.jpg\" alt=\"\" class=\"wp-image-4040\"\/><\/figure>\n\n\n\n<p>Therefor our effort is compensated by&nbsp; a beautiful view over&nbsp; Quito on top of the hill. We climbed up to the statue for 1 USD. And not least the delicious meal in the chic Pim Restaurant at the Virgin feet.<\/p>\n\n\n\n<p style=\"text-align:center\"><a href=\"http:\/\/ktdtravel.net\/gb\/ecuador\">Previous page <\/a>\/ <a href=\"http:\/\/ktdtravel.net\/gb\/pichincha\">Next page<\/a><\/p>\n","protected":false},"excerpt":{"rendered":"<p>For the first dinner after arrival we go to the next food court around the corner. It feels safe in the surroundings. Many above average bars and restaurants, some with live music, but we are just too tired for it. One can have a full meal for 6 USD in the food court. Thereafter a &hellip; <a href=\"http:\/\/ktdtravel.net\/gb\/2019-2\/ecuador\/quito\" class=\"more-link\">Continue reading<span class=\"screen-reader-text\"> &#8220;Quito&#8221;<\/span><\/a><\/p>\n","protected":false},"author":1,"featured_media":0,"parent":3981,"menu_order":1,"comment_status":"closed","ping_status":"closed","template":"","meta":{"footnotes":""},"class_list":["post-4044","page","type-page","status-publish","hentry"],"translation":{"provider":"WPGlobus","version":"3.0.2","language":"gb","enabled_languages":["de","gb"],"languages":{"de":{"title":true,"content":true,"excerpt":false},"gb":{"title":true,"content":true,"excerpt":false}}},"_links":{"self":[{"href":"http:\/\/ktdtravel.net\/gb\/wp-json\/wp\/v2\/pages\/4044","targetHints":{"allow":["GET"]}}],"collection":[{"href":"http:\/\/ktdtravel.net\/gb\/wp-json\/wp\/v2\/pages"}],"about":[{"href":"http:\/\/ktdtravel.net\/gb\/wp-json\/wp\/v2\/types\/page"}],"author":[{"embeddable":true,"href":"http:\/\/ktdtravel.net\/gb\/wp-json\/wp\/v2\/users\/1"}],"replies":[{"embeddable":true,"href":"http:\/\/ktdtravel.net\/gb\/wp-json\/wp\/v2\/comments?post=4044"}],"version-history":[{"count":51,"href":"http:\/\/ktdtravel.net\/gb\/wp-json\/wp\/v2\/pages\/4044\/revisions"}],"predecessor-version":[{"id":4286,"href":"http:\/\/ktdtravel.net\/gb\/wp-json\/wp\/v2\/pages\/4044\/revisions\/4286"}],"up":[{"embeddable":true,"href":"http:\/\/ktdtravel.net\/gb\/wp-json\/wp\/v2\/pages\/3981"}],"wp:attachment":[{"href":"http:\/\/ktdtravel.net\/gb\/wp-json\/wp\/v2\/media?parent=4044"}],"curies":[{"name":"wp","href":"https:\/\/api.w.org\/{rel}","templated":true}]}}