{"id":257,"date":"2017-04-27T04:53:14","date_gmt":"2017-04-27T02:53:14","guid":{"rendered":"http:\/\/sub.praxis-duong.de\/?page_id=257"},"modified":"2017-11-06T04:54:28","modified_gmt":"2017-11-06T02:54:28","slug":"last-day-in-santiago-letzter-tag-in-santiago","status":"publish","type":"page","link":"http:\/\/ktdtravel.net\/gb\/2015-2\/chile-february\/last-day-in-santiago-letzter-tag-in-santiago","title":{"rendered":"Last day in Santiago"},"content":{"rendered":"<p>Strolling through\u00a0Santiago on last day: Barrio Lastarria, cerro Santa Luc\u00eda, barrio Par\u00eds-Londres. Evening meal in town. Time to say goodbye. Adios!<\/p>\n<p><a href=\"http:\/\/sub.praxis-duong.de\/wp-content\/uploads\/2017\/07\/DSC_0221.jpg\" target=\"_blank\" rel=\"noopener\"><img loading=\"lazy\" decoding=\"async\" class=\"alignnone wp-image-1290 size-medium\" src=\"http:\/\/sub.praxis-duong.de\/wp-content\/uploads\/2017\/07\/DSC_0221-300x199.jpg\" alt=\"\" width=\"300\" height=\"199\" srcset=\"http:\/\/ktdtravel.net\/wp-content\/uploads\/2017\/07\/DSC_0221-300x199.jpg 300w, http:\/\/ktdtravel.net\/wp-content\/uploads\/2017\/07\/DSC_0221-768x511.jpg 768w, http:\/\/ktdtravel.net\/wp-content\/uploads\/2017\/07\/DSC_0221-1024x681.jpg 1024w, http:\/\/ktdtravel.net\/wp-content\/uploads\/2017\/07\/DSC_0221-1200x798.jpg 1200w\" sizes=\"auto, (max-width: 300px) 85vw, 300px\" \/><\/a><br \/>\nSanta Luc\u00eda hill where the Spanish conqueror Pedro de Valdivia established Santiago in 1541. A park in the heart of a 6 million inhabitants\u00a0metropolis today<\/p>\n<p><a href=\"http:\/\/sub.praxis-duong.de\/wp-content\/uploads\/2017\/07\/DSC_0224.jpg\" target=\"_blank\" rel=\"noopener\"><img loading=\"lazy\" decoding=\"async\" class=\"alignnone wp-image-1291 size-medium\" src=\"http:\/\/sub.praxis-duong.de\/wp-content\/uploads\/2017\/07\/DSC_0224-300x199.jpg\" alt=\"\" width=\"300\" height=\"199\" srcset=\"http:\/\/ktdtravel.net\/wp-content\/uploads\/2017\/07\/DSC_0224-300x199.jpg 300w, http:\/\/ktdtravel.net\/wp-content\/uploads\/2017\/07\/DSC_0224-768x511.jpg 768w, http:\/\/ktdtravel.net\/wp-content\/uploads\/2017\/07\/DSC_0224-1024x681.jpg 1024w, http:\/\/ktdtravel.net\/wp-content\/uploads\/2017\/07\/DSC_0224-1200x798.jpg 1200w\" sizes=\"auto, (max-width: 300px) 85vw, 300px\" \/><\/a><br \/>\nBarrio Par\u00eds-Londres<\/p>\n<p>All together Chile was an enjoyable holiday. Friendly people, magnificent landscapes. The country is too large to visit all\u00a0in one go. Basic Spanish would be helpful. No need to bring loads of US dollars in order to save hotel bill VAT (19%). The hotel bill was charged in US Dollar to the credit card\u00a0and exactly the amount as it was booked in advance without tax. Conditions for VAT-free hotel bill:\u00a0being tourist paying in US Dollar. Car rentals was more expensive than in other countries.<\/p>\n<p style=\"text-align: center;\"><a href=\"http:\/\/ktdtravel.net\/gb\/2015-2\/chile-february\/san-jose-de-maipo\">Previous page<\/a> \/ <a href=\"http:\/\/ktdtravel.net\/gb\/2015-2\/china-june\">Next page<\/a><\/p>\n","protected":false},"excerpt":{"rendered":"<p>Strolling through\u00a0Santiago on last day: Barrio Lastarria, cerro Santa Luc\u00eda, barrio Par\u00eds-Londres. Evening meal in town. Time to say goodbye. Adios! Santa Luc\u00eda hill where the Spanish conqueror Pedro de Valdivia established Santiago in 1541. A park in the heart of a 6 million inhabitants\u00a0metropolis today Barrio Par\u00eds-Londres All together Chile was an enjoyable holiday. &hellip; <a href=\"http:\/\/ktdtravel.net\/gb\/2015-2\/chile-february\/last-day-in-santiago-letzter-tag-in-santiago\" class=\"more-link\">Continue reading<span class=\"screen-reader-text\"> &#8220;Last day in Santiago&#8221;<\/span><\/a><\/p>\n","protected":false},"author":1,"featured_media":0,"parent":237,"menu_order":5,"comment_status":"closed","ping_status":"closed","template":"","meta":{"footnotes":""},"class_list":["post-257","page","type-page","status-publish","hentry"],"translation":{"provider":"WPGlobus","version":"3.0.2","language":"gb","enabled_languages":["de","gb"],"languages":{"de":{"title":true,"content":true,"excerpt":false},"gb":{"title":true,"content":true,"excerpt":false}}},"_links":{"self":[{"href":"http:\/\/ktdtravel.net\/gb\/wp-json\/wp\/v2\/pages\/257","targetHints":{"allow":["GET"]}}],"collection":[{"href":"http:\/\/ktdtravel.net\/gb\/wp-json\/wp\/v2\/pages"}],"about":[{"href":"http:\/\/ktdtravel.net\/gb\/wp-json\/wp\/v2\/types\/page"}],"author":[{"embeddable":true,"href":"http:\/\/ktdtravel.net\/gb\/wp-json\/wp\/v2\/users\/1"}],"replies":[{"embeddable":true,"href":"http:\/\/ktdtravel.net\/gb\/wp-json\/wp\/v2\/comments?post=257"}],"version-history":[{"count":10,"href":"http:\/\/ktdtravel.net\/gb\/wp-json\/wp\/v2\/pages\/257\/revisions"}],"predecessor-version":[{"id":2775,"href":"http:\/\/ktdtravel.net\/gb\/wp-json\/wp\/v2\/pages\/257\/revisions\/2775"}],"up":[{"embeddable":true,"href":"http:\/\/ktdtravel.net\/gb\/wp-json\/wp\/v2\/pages\/237"}],"wp:attachment":[{"href":"http:\/\/ktdtravel.net\/gb\/wp-json\/wp\/v2\/media?parent=257"}],"curies":[{"name":"wp","href":"https:\/\/api.w.org\/{rel}","templated":true}]}}